{"id":1212,"date":"2013-04-05T17:05:24","date_gmt":"2013-04-05T17:05:24","guid":{"rendered":"http:\/\/www.kriesi.at\/themes\/enfold\/?page_id=1212"},"modified":"2023-03-18T11:29:37","modified_gmt":"2023-03-18T11:29:37","slug":"team","status":"publish","type":"page","link":"https:\/\/videospiel-samstag.de\/?page_id=1212","title":{"rendered":"Player"},"content":{"rendered":"<section  class='av_textblock_section av-6zm0wc-39904945e7e5dc2bb0e55e5064f70ed9 '   itemscope=\"itemscope\" itemtype=\"https:\/\/schema.org\/CreativeWork\" ><div class='avia_textblock'  itemprop=\"text\" ><h2 style=\"text-align: center;\">Dad + Son Retro<\/h2>\n<p style=\"text-align: center;\">Wir sind Schauben und Enton &#8211; Vater und Sohn. Uns verbinden jedoch nicht nur die Gene, sondern auch unsere gro\u00dfe Liebe zu Videospielen und Technik. Unserem Hobby, dem Zocken und Basteln gehen wir besonders jeden Samstag nach, unserem VIDEOSPIEL-SAMSTAG.<br \/>\nDie Erfahrungen und Ergebnisse unserer Gaming-Projekte m\u00f6chten wir gerne mit euch teilen.<br \/>\nWir m\u00f6chten damit auch niemanden ver\u00e4rgern, wir machen das alles nur aus Spa\u00df und Wissenshunger. Wir versuchen alle Quellen zu nennen und falls wir doch mal bestechlich werden sollten, werden wir alles kennzeichnen, was Werbung ist. Wir w\u00e4hlen das &#8222;Du&#8220; als Anredeform, sonst f\u00fchle ich (der Vater) mich so alt :)<br \/>\nDiese Seite ist privater Natur und wir stehen in keiner Verbindung zu irgendeinem Hersteller oder \u00e4hnlichem. Nur unsere Interessen, f\u00fcr alle, die unsere Leidenschaft teilen.<\/p>\n<\/div><\/section>\n<\/div><\/div><\/div><!-- close content main div --><\/div><\/div><div id='meetteamsection'  class='avia-section av-k5mmocqg-14329f643d665899574cb2a2e4bb6e69 main_color avia-section-default avia-no-border-styling  avia-builder-el-1  el_after_av_textblock  el_before_av_heading  avia-bg-style-scroll container_wrap sidebar_right'  ><div class='container av-section-cont-open' ><div class='template-page content  av-content-small alpha units'><div class='post-entry post-entry-type-page post-entry-1212'><div class='entry-content-wrapper clearfix'>\n\n<style type=\"text\/css\" data-created_by=\"avia_inline_auto\" id=\"style-css-av-8uyf0-6b57a082c82728b8c93ffce2647ba869\">\n#top .av-special-heading.av-8uyf0-6b57a082c82728b8c93ffce2647ba869{\npadding-bottom:10px;\ncolor:#14a1ff;\n}\nbody .av-special-heading.av-8uyf0-6b57a082c82728b8c93ffce2647ba869 .av-special-heading-tag .heading-char{\nfont-size:25px;\n}\n.av-special-heading.av-8uyf0-6b57a082c82728b8c93ffce2647ba869 .special-heading-inner-border{\nborder-color:#14a1ff;\n}\n.av-special-heading.av-8uyf0-6b57a082c82728b8c93ffce2647ba869 .av-subheading{\nfont-size:15px;\n}\n<\/style>\n<div  class='av-special-heading av-8uyf0-6b57a082c82728b8c93ffce2647ba869 av-special-heading-h3 custom-color-heading  avia-builder-el-2  el_before_av_one_full  avia-builder-el-first '><h3 class='av-special-heading-tag '  itemprop=\"headline\"  >Choose your Player<\/h3><div class=\"special-heading-border\"><div class=\"special-heading-inner-border\"><\/div><\/div><\/div>\n\n<style type=\"text\/css\" data-created_by=\"avia_inline_auto\" id=\"style-css-av-6cec0s-e6b6e7a359d5491b03f6ec3e70e076f2\">\n.flex_column.av-6cec0s-e6b6e7a359d5491b03f6ec3e70e076f2{\nborder-radius:0px 0px 0px 0px;\npadding:0px 0px 0px 0px;\n}\n<\/style>\n<div  class='flex_column av-6cec0s-e6b6e7a359d5491b03f6ec3e70e076f2 av_one_full  avia-builder-el-3  el_after_av_heading  el_before_av_promobox  first flex_column_div av-zero-column-padding  '     ><div  class='avia-content-slider-element-container av-k5mlgcg0-e22d7d69672652450c188ed48d61521d avia-content-slider-element-slider avia-content-slider avia-smallarrow-slider avia-content-slider-active avia-content-slider-odd  avia-builder-el-4  avia-builder-el-no-sibling  av-slideshow-ui av-control-default av-nav-arrows-visible av-nav-dots-visible av-no-slider-navigation av-slideshow-manual av-loop-once av-loop-manual-endless avia-content-slider1' data-slideshow-options=\"{&quot;animation&quot;:&quot;slide&quot;,&quot;autoplay&quot;:false,&quot;loop_autoplay&quot;:&quot;once&quot;,&quot;interval&quot;:5,&quot;loop_manual&quot;:&quot;manual-endless&quot;,&quot;autoplay_stopper&quot;:false,&quot;noNavigation&quot;:false,&quot;bg_slider&quot;:false,&quot;keep_padding&quot;:&quot;&quot;,&quot;hoverpause&quot;:false,&quot;show_slide_delay&quot;:30}\"><div class='avia-smallarrow-slider-heading  no-content-slider-heading '><div class='new-special-heading'>&nbsp;<\/div><div class='avia-slideshow-arrows avia-slideshow-controls' ><a href='#prev' class='prev-slide  avia-svg-icon avia-font-svg_entypo-fontello' data-av_svg_icon='left-open-big' data-av_iconset='svg_entypo-fontello' tabindex='-1' title=\"Zur\u00fcck\"><svg version=\"1.1\" xmlns=\"http:\/\/www.w3.org\/2000\/svg\" width=\"15\" height=\"32\" viewBox=\"0 0 15 32\" preserveAspectRatio=\"xMidYMid meet\" aria-labelledby='av-svg-title-1' aria-describedby='av-svg-desc-1' role=\"graphics-symbol\" aria-hidden=\"true\">\n<title id='av-svg-title-1'>Zur\u00fcck<\/title>\n<desc id='av-svg-desc-1'>Zur\u00fcck<\/desc>\n<path d=\"M14.464 27.84q0.832 0.832 0 1.536-0.832 0.832-1.536 0l-12.544-12.608q-0.768-0.768 0-1.6l12.544-12.608q0.704-0.832 1.536 0 0.832 0.704 0 1.536l-11.456 11.904z\"><\/path>\n<\/svg><span class='avia_hidden_link_text'>Zur\u00fcck<\/span><\/a><a href='#next' class='next-slide  avia-svg-icon avia-font-svg_entypo-fontello' data-av_svg_icon='right-open-big' data-av_iconset='svg_entypo-fontello' tabindex='-1' title=\"Weiter\"><svg version=\"1.1\" xmlns=\"http:\/\/www.w3.org\/2000\/svg\" width=\"15\" height=\"32\" viewBox=\"0 0 15 32\" preserveAspectRatio=\"xMidYMid meet\" aria-labelledby='av-svg-title-2' aria-describedby='av-svg-desc-2' role=\"graphics-symbol\" aria-hidden=\"true\">\n<title id='av-svg-title-2'>Weiter<\/title>\n<desc id='av-svg-desc-2'>Weiter<\/desc>\n<path d=\"M0.416 27.84l11.456-11.84-11.456-11.904q-0.832-0.832 0-1.536 0.832-0.832 1.536 0l12.544 12.608q0.768 0.832 0 1.6l-12.544 12.608q-0.704 0.832-1.536 0-0.832-0.704 0-1.536z\"><\/path>\n<\/svg><span class='avia_hidden_link_text'>Weiter<\/span><\/a><\/div><\/div><div class=\"avia-content-slider-inner\"><div class=\"slide-entry-wrap\"><section class='slide-entry av-3nyyvw-e2e9caf157650dee342436bfa4e6892a flex_column av_fullwidth post-entry slide-entry-overview slide-loop-1 slide-parity-odd  first'  itemscope=\"itemscope\" itemtype=\"https:\/\/schema.org\/CreativeWork\" ><h3 class='slide-entry-title entry-title '  itemprop=\"headline\" >Schauben<\/h3><div class='slide-entry-excerpt entry-content'  itemprop=\"text\" ><p><img loading=\"lazy\" decoding=\"async\" class=\"size-portfolio wp-image-4532 aligncenter\" src=\"https:\/\/videospiel-samstag.de\/wp-content\/uploads\/2021\/04\/videospiel-samstag_dadson_0001-495x400.png\" alt=\"\" width=\"495\" height=\"400\" srcset=\"https:\/\/videospiel-samstag.de\/wp-content\/uploads\/2021\/04\/videospiel-samstag_dadson_0001-495x400.png 495w, https:\/\/videospiel-samstag.de\/wp-content\/uploads\/2021\/04\/videospiel-samstag_dadson_0001-845x684.png 845w\" sizes=\"auto, (max-width: 495px) 100vw, 495px\" \/><\/p>\n<p style=\"text-align: center;\">Dad<\/p>\n<p>mehr \u00fcber mich gibt&#8217;s <a href=\"https:\/\/it-traum.de\/\" target=\"_blank\" rel=\"noopener\">hier<\/a><\/p>\n<\/div><\/section><\/div><div class=\"slide-entry-wrap\"><section class='slide-entry av-28iosc-23f9ec77a9bbcba817973fb6b2e04854 flex_column av_fullwidth post-entry slide-entry-overview slide-loop-2 slide-parity-odd  post-entry-last  first'  itemscope=\"itemscope\" itemtype=\"https:\/\/schema.org\/CreativeWork\" ><h3 class='slide-entry-title entry-title '  itemprop=\"headline\" >Enton<\/h3><div class='slide-entry-excerpt entry-content'  itemprop=\"text\" ><p><img loading=\"lazy\" decoding=\"async\" class=\"size-portfolio wp-image-4535 aligncenter\" src=\"https:\/\/videospiel-samstag.de\/wp-content\/uploads\/2021\/04\/videospiel-samstag_dadson_0005-495x400.png\" alt=\"\" width=\"495\" height=\"400\" srcset=\"https:\/\/videospiel-samstag.de\/wp-content\/uploads\/2021\/04\/videospiel-samstag_dadson_0005-495x400.png 495w, https:\/\/videospiel-samstag.de\/wp-content\/uploads\/2021\/04\/videospiel-samstag_dadson_0005-845x684.png 845w\" sizes=\"auto, (max-width: 495px) 100vw, 495px\" \/><\/p>\n<p style=\"text-align: center;\">Son<\/p>\n<\/div><\/section><\/div><\/div><\/div><\/div>\n<style type=\"text\/css\" data-created_by=\"avia_inline_auto\" id=\"style-css-av-1ih4dl8-bf03916c95005406ba6fd73edc8db652\">\n.av_promobox.av-1ih4dl8-bf03916c95005406ba6fd73edc8db652{\ncolor:#ffffff;\nbackground:#454545;\nborder-color:#333333;\n}\n<\/style>\n<div  class='av_promobox av-1ih4dl8-bf03916c95005406ba6fd73edc8db652 avia-button-yes  avia-builder-el-5  el_after_av_one_full  avia-builder-el-last '><div class='avia-promocontent'><p>Willkommen! Das ist unser bescheidenes Team. Haben wir schon gesagt, dass wir gerne von dir h\u00f6ren w\u00fcrden? Sei nicht sch\u00fcchtern, <strong>Press Start!<\/strong><\/p>\n<\/div><div  class='avia-button-wrap av-1ih4dl8-db5dcc4d8d1678f44f44a3c0fc48dc5f-wrap avia-button-right '>\n<style type=\"text\/css\" data-created_by=\"avia_inline_auto\" id=\"style-css-av-1ih4dl8-db5dcc4d8d1678f44f44a3c0fc48dc5f\">\n#top #wrap_all .avia-button.av-1ih4dl8-db5dcc4d8d1678f44f44a3c0fc48dc5f{\nbackground-color:#14a1ff;\nborder-color:#14a1ff;\ncolor:#ffffff;\ntransition:all 0.4s ease-in-out;\n}\n#top #wrap_all .avia-button.av-1ih4dl8-db5dcc4d8d1678f44f44a3c0fc48dc5f .avia-svg-icon svg:first-child{\nfill:#ffffff;\nstroke:#ffffff;\n}\n<\/style>\n<a href='https:\/\/videospiel-samstag.de\/?page_id=863'  class='avia-button av-1ih4dl8-db5dcc4d8d1678f44f44a3c0fc48dc5f av-link-btn avia-icon_select-yes-left-icon avia-size-large avia-position-right'   aria-label=\"  START\"><span class='avia_button_icon avia_button_icon_left avia-iconfont avia-font-icomoon' data-av_icon='\ue957' data-av_iconfont='icomoon' ><\/span><span class='avia_iconbox_title' >  START<\/span><\/a><\/div><\/div>\n<\/div><\/div><\/div><!-- close content main div --><\/div><\/div><div id='after_section_1'  class='main_color av_default_container_wrap container_wrap sidebar_right'  ><div class='container av-section-cont-open' ><div class='template-page content  av-content-small alpha units'><div class='post-entry post-entry-type-page post-entry-1212'><div class='entry-content-wrapper clearfix'>\n<style type=\"text\/css\" data-created_by=\"avia_inline_auto\" id=\"style-css-av-k5xr2xoa-a99f2e68151f84e8b0a3192c09296586\">\n#top .av-special-heading.av-k5xr2xoa-a99f2e68151f84e8b0a3192c09296586{\npadding-bottom:10px;\ncolor:#14a1ff;\n}\nbody .av-special-heading.av-k5xr2xoa-a99f2e68151f84e8b0a3192c09296586 .av-special-heading-tag .heading-char{\nfont-size:25px;\n}\n.av-special-heading.av-k5xr2xoa-a99f2e68151f84e8b0a3192c09296586 .special-heading-inner-border{\nborder-color:#14a1ff;\n}\n.av-special-heading.av-k5xr2xoa-a99f2e68151f84e8b0a3192c09296586 .av-subheading{\nfont-size:15px;\n}\n<\/style>\n<div  class='av-special-heading av-k5xr2xoa-a99f2e68151f84e8b0a3192c09296586 av-special-heading-h3 custom-color-heading  avia-builder-el-6  el_after_av_section  el_before_av_textblock  avia-builder-el-first '><h3 class='av-special-heading-tag '  itemprop=\"headline\"  >Choose Stage<\/h3><div class=\"special-heading-border\"><div class=\"special-heading-inner-border\"><\/div><\/div><\/div><\/p>\n<section  class='av_textblock_section av-akrdfw-590eb0b38be5b8bc26f9c97b1cd48748 '   itemscope=\"itemscope\" itemtype=\"https:\/\/schema.org\/CreativeWork\" ><div class='avia_textblock'  itemprop=\"text\" ><p style=\"text-align: center;\">Aus einem dunklen Keller Dungeon haben wir in m\u00fchevoller Handarbeit unseren Videospiel-Traum gemacht.<\/p>\n<\/div><\/section>\n<div  class='flex_column av-av_one_full-7714eba142aeda1f8b5272a3c372b279 av_one_full  avia-builder-el-8  el_after_av_textblock  el_before_av_textblock  first flex_column_div  column-top-margin'     ><div  class='avia-content-slider-element-container av-lfdpzb76-e6546656aaec4ddf36045c5ceef29ccd avia-content-slider-element-slider avia-content-slider avia-smallarrow-slider avia-content-slider-active avia-content-slider-odd  avia-builder-el-9  avia-builder-el-no-sibling  av-slideshow-ui av-control-default av-nav-arrows-visible av-nav-dots-visible av-no-slider-navigation av-slideshow-manual av-loop-once av-loop-manual-endless avia-content-slider2' data-slideshow-options=\"{&quot;animation&quot;:&quot;slide&quot;,&quot;autoplay&quot;:false,&quot;loop_autoplay&quot;:&quot;once&quot;,&quot;interval&quot;:5,&quot;loop_manual&quot;:&quot;manual-endless&quot;,&quot;autoplay_stopper&quot;:false,&quot;noNavigation&quot;:false,&quot;bg_slider&quot;:false,&quot;keep_padding&quot;:&quot;&quot;,&quot;hoverpause&quot;:false,&quot;show_slide_delay&quot;:30}\"><div class='avia-smallarrow-slider-heading  no-content-slider-heading '><div class='new-special-heading'>&nbsp;<\/div><div class='avia-slideshow-arrows avia-slideshow-controls' ><a href='#prev' class='prev-slide  avia-svg-icon avia-font-svg_entypo-fontello' data-av_svg_icon='left-open-big' data-av_iconset='svg_entypo-fontello' tabindex='-1' title=\"Zur\u00fcck\"><svg version=\"1.1\" xmlns=\"http:\/\/www.w3.org\/2000\/svg\" width=\"15\" height=\"32\" viewBox=\"0 0 15 32\" preserveAspectRatio=\"xMidYMid meet\" aria-labelledby='av-svg-title-3' aria-describedby='av-svg-desc-3' role=\"graphics-symbol\" aria-hidden=\"true\">\n<title id='av-svg-title-3'>Zur\u00fcck<\/title>\n<desc id='av-svg-desc-3'>Zur\u00fcck<\/desc>\n<path d=\"M14.464 27.84q0.832 0.832 0 1.536-0.832 0.832-1.536 0l-12.544-12.608q-0.768-0.768 0-1.6l12.544-12.608q0.704-0.832 1.536 0 0.832 0.704 0 1.536l-11.456 11.904z\"><\/path>\n<\/svg><span class='avia_hidden_link_text'>Zur\u00fcck<\/span><\/a><a href='#next' class='next-slide  avia-svg-icon avia-font-svg_entypo-fontello' data-av_svg_icon='right-open-big' data-av_iconset='svg_entypo-fontello' tabindex='-1' title=\"Weiter\"><svg version=\"1.1\" xmlns=\"http:\/\/www.w3.org\/2000\/svg\" width=\"15\" height=\"32\" viewBox=\"0 0 15 32\" preserveAspectRatio=\"xMidYMid meet\" aria-labelledby='av-svg-title-4' aria-describedby='av-svg-desc-4' role=\"graphics-symbol\" aria-hidden=\"true\">\n<title id='av-svg-title-4'>Weiter<\/title>\n<desc id='av-svg-desc-4'>Weiter<\/desc>\n<path d=\"M0.416 27.84l11.456-11.84-11.456-11.904q-0.832-0.832 0-1.536 0.832-0.832 1.536 0l12.544 12.608q0.768 0.832 0 1.6l-12.544 12.608q-0.704 0.832-1.536 0-0.832-0.704 0-1.536z\"><\/path>\n<\/svg><span class='avia_hidden_link_text'>Weiter<\/span><\/a><\/div><\/div><div class=\"avia-content-slider-inner\"><div class=\"slide-entry-wrap\"><section class='slide-entry av-lfdpyk5e-62e0071535fe8e6bba69537a58b10bdb flex_column av_fullwidth post-entry slide-entry-overview slide-loop-1 slide-parity-odd  first'  itemscope=\"itemscope\" itemtype=\"https:\/\/schema.org\/CreativeWork\" ><h3 class='slide-entry-title entry-title '  itemprop=\"headline\" >Level 1 - Es gibt viel zu tun<\/h3><div class='slide-entry-excerpt entry-content'  itemprop=\"text\" ><p>F\u00fcr manche nur ein leerer Raum, f\u00fcr uns der perfekte Platz, um unsere Ideen zu verwirklichen.<\/p>\n<p><img loading=\"lazy\" decoding=\"async\" class=\"alignnone wp-image-4941 size-portfolio\" src=\"https:\/\/videospiel-samstag.de\/wp-content\/uploads\/2023\/03\/Keller_-2-495x400.png\" alt=\"\" width=\"495\" height=\"400\" srcset=\"https:\/\/videospiel-samstag.de\/wp-content\/uploads\/2023\/03\/Keller_-2-495x400.png 495w, https:\/\/videospiel-samstag.de\/wp-content\/uploads\/2023\/03\/Keller_-2-845x684.png 845w\" sizes=\"auto, (max-width: 495px) 100vw, 495px\" \/> <img loading=\"lazy\" decoding=\"async\" class=\"alignnone wp-image-4942 size-portfolio\" src=\"https:\/\/videospiel-samstag.de\/wp-content\/uploads\/2023\/03\/Keller_-3-495x400.png\" alt=\"\" width=\"495\" height=\"400\" srcset=\"https:\/\/videospiel-samstag.de\/wp-content\/uploads\/2023\/03\/Keller_-3-495x400.png 495w, https:\/\/videospiel-samstag.de\/wp-content\/uploads\/2023\/03\/Keller_-3-845x684.png 845w\" sizes=\"auto, (max-width: 495px) 100vw, 495px\" \/><\/p>\n<\/div><\/section><\/div><div class=\"slide-entry-wrap\"><section class='slide-entry av-lfdpyv9q-a61f43fcbb6379e1a4214017c06e0c94 flex_column av_fullwidth post-entry slide-entry-overview slide-loop-2 slide-parity-odd  first'  itemscope=\"itemscope\" itemtype=\"https:\/\/schema.org\/CreativeWork\" ><h3 class='slide-entry-title entry-title '  itemprop=\"headline\" >Level 2 - Die Planung<\/h3><div class='slide-entry-excerpt entry-content'  itemprop=\"text\" ><p><img loading=\"lazy\" decoding=\"async\" class=\"wp-image-4931 size-portfolio alignleft\" src=\"https:\/\/videospiel-samstag.de\/wp-content\/uploads\/2023\/03\/Zockkeller_Entwurf-495x382.png\" alt=\"\" width=\"495\" height=\"382\" \/><img loading=\"lazy\" decoding=\"async\" class=\"wp-image-4930 size-medium alignright\" src=\"https:\/\/videospiel-samstag.de\/wp-content\/uploads\/2023\/03\/Zockkeller_Entwurf_2D-287x300.png\" alt=\"\" width=\"287\" height=\"300\" srcset=\"https:\/\/videospiel-samstag.de\/wp-content\/uploads\/2023\/03\/Zockkeller_Entwurf_2D-287x300.png 287w, https:\/\/videospiel-samstag.de\/wp-content\/uploads\/2023\/03\/Zockkeller_Entwurf_2D-20x20.png 20w, https:\/\/videospiel-samstag.de\/wp-content\/uploads\/2023\/03\/Zockkeller_Entwurf_2D-177x185.png 177w, https:\/\/videospiel-samstag.de\/wp-content\/uploads\/2023\/03\/Zockkeller_Entwurf_2D.png 615w\" sizes=\"auto, (max-width: 287px) 100vw, 287px\" \/><\/p>\n<p style=\"text-align: center;\">Planung<\/p>\n<\/div><\/section><\/div><div class=\"slide-entry-wrap\"><section class='slide-entry av-lfdpz47j-56f5e94f1f5b71f2076a87f2803f9039 flex_column av_fullwidth post-entry slide-entry-overview slide-loop-3 slide-parity-odd  first'  itemscope=\"itemscope\" itemtype=\"https:\/\/schema.org\/CreativeWork\" ><h3 class='slide-entry-title entry-title '  itemprop=\"headline\" >Level 3 - Der Umbau<\/h3><div class='slide-entry-excerpt entry-content'  itemprop=\"text\" ><p>Es gibt viel zu tun. W\u00e4nde einziehen, Kabel verlegen, Tapezieren, Montieren&#8230;<\/p>\n<p><img loading=\"lazy\" decoding=\"async\" class=\"alignnone wp-image-4945 size-portfolio\" src=\"https:\/\/videospiel-samstag.de\/wp-content\/uploads\/2023\/03\/Keller_-15-495x400.png\" alt=\"\" width=\"495\" height=\"400\" srcset=\"https:\/\/videospiel-samstag.de\/wp-content\/uploads\/2023\/03\/Keller_-15-495x400.png 495w, https:\/\/videospiel-samstag.de\/wp-content\/uploads\/2023\/03\/Keller_-15-845x684.png 845w\" sizes=\"auto, (max-width: 495px) 100vw, 495px\" \/> <img loading=\"lazy\" decoding=\"async\" class=\"alignnone wp-image-4946 size-portfolio\" src=\"https:\/\/videospiel-samstag.de\/wp-content\/uploads\/2023\/03\/Keller_-19-495x400.png\" alt=\"\" width=\"495\" height=\"400\" srcset=\"https:\/\/videospiel-samstag.de\/wp-content\/uploads\/2023\/03\/Keller_-19-495x400.png 495w, https:\/\/videospiel-samstag.de\/wp-content\/uploads\/2023\/03\/Keller_-19-845x684.png 845w\" sizes=\"auto, (max-width: 495px) 100vw, 495px\" \/><\/p>\n<\/div><\/section><\/div><div class=\"slide-entry-wrap\"><section class='slide-entry av-lfdvg0py-04261d2bd5b03f54666a9e77648e90e0 flex_column av_fullwidth post-entry slide-entry-overview slide-loop-4 slide-parity-odd  first'  itemscope=\"itemscope\" itemtype=\"https:\/\/schema.org\/CreativeWork\" ><h3 class='slide-entry-title entry-title '  itemprop=\"headline\" >Level 4 - Aufbau der Konsolen<\/h3><div class='slide-entry-excerpt entry-content'  itemprop=\"text\" ><p>Alle Konsolen bekommen einen festen Platz und werden ordentlich verkabelt.<\/p>\n<p><img loading=\"lazy\" decoding=\"async\" class=\"alignnone wp-image-4947 size-portfolio\" src=\"https:\/\/videospiel-samstag.de\/wp-content\/uploads\/2023\/03\/videospiel-samstag_artikel_Keller0012-495x400.png\" alt=\"\" width=\"495\" height=\"400\" srcset=\"https:\/\/videospiel-samstag.de\/wp-content\/uploads\/2023\/03\/videospiel-samstag_artikel_Keller0012-495x400.png 495w, https:\/\/videospiel-samstag.de\/wp-content\/uploads\/2023\/03\/videospiel-samstag_artikel_Keller0012-845x684.png 845w\" sizes=\"auto, (max-width: 495px) 100vw, 495px\" \/> <img loading=\"lazy\" decoding=\"async\" class=\"alignnone wp-image-4948 size-portfolio\" src=\"https:\/\/videospiel-samstag.de\/wp-content\/uploads\/2023\/03\/videospiel-samstag_artikel_Keller0014-495x400.png\" alt=\"\" width=\"495\" height=\"400\" srcset=\"https:\/\/videospiel-samstag.de\/wp-content\/uploads\/2023\/03\/videospiel-samstag_artikel_Keller0014-495x400.png 495w, https:\/\/videospiel-samstag.de\/wp-content\/uploads\/2023\/03\/videospiel-samstag_artikel_Keller0014-845x684.png 845w\" sizes=\"auto, (max-width: 495px) 100vw, 495px\" \/><\/p>\n<\/div><\/section><\/div><div class=\"slide-entry-wrap\"><section class='slide-entry av-lfdvnned-956e8340e4fe12c765cccd5159964475 flex_column av_fullwidth post-entry slide-entry-overview slide-loop-5 slide-parity-odd  first'  itemscope=\"itemscope\" itemtype=\"https:\/\/schema.org\/CreativeWork\" ><h3 class='slide-entry-title entry-title '  itemprop=\"headline\" >Level 5 - B\u00fcro und Werkstatt einrichten<\/h3><div class='slide-entry-excerpt entry-content'  itemprop=\"text\" ><p>Folieninhalt hier eingeben<\/p>\n<p><img loading=\"lazy\" decoding=\"async\" class=\"alignnone wp-image-4950 size-portfolio\" src=\"https:\/\/videospiel-samstag.de\/wp-content\/uploads\/2023\/03\/Keller_-39-495x400.png\" alt=\"\" width=\"495\" height=\"400\" srcset=\"https:\/\/videospiel-samstag.de\/wp-content\/uploads\/2023\/03\/Keller_-39-495x400.png 495w, https:\/\/videospiel-samstag.de\/wp-content\/uploads\/2023\/03\/Keller_-39-845x684.png 845w\" sizes=\"auto, (max-width: 495px) 100vw, 495px\" \/>\u00a0<img loading=\"lazy\" decoding=\"async\" class=\"alignnone wp-image-4949 size-portfolio\" src=\"https:\/\/videospiel-samstag.de\/wp-content\/uploads\/2023\/03\/Keller_-37-495x400.png\" alt=\"\" width=\"495\" height=\"400\" srcset=\"https:\/\/videospiel-samstag.de\/wp-content\/uploads\/2023\/03\/Keller_-37-495x400.png 495w, https:\/\/videospiel-samstag.de\/wp-content\/uploads\/2023\/03\/Keller_-37-845x684.png 845w\" sizes=\"auto, (max-width: 495px) 100vw, 495px\" \/><\/p>\n<\/div><\/section><\/div><div class=\"slide-entry-wrap\"><section class='slide-entry av-lfdpzaji-048345f0da616fc4623ca62d3fd9cb42 flex_column av_fullwidth post-entry slide-entry-overview slide-loop-6 slide-parity-odd  post-entry-last  first'  itemscope=\"itemscope\" itemtype=\"https:\/\/schema.org\/CreativeWork\" ><h3 class='slide-entry-title entry-title '  itemprop=\"headline\" >Level 6 - Finale<\/h3><div class='slide-entry-excerpt entry-content'  itemprop=\"text\" ><p>Es ist geschafft, hier werden wir unsere Samstage verbringen.<\/p>\n<p><img loading=\"lazy\" decoding=\"async\" class=\"aligncenter wp-image-4951 size-large\" src=\"https:\/\/videospiel-samstag.de\/wp-content\/uploads\/2023\/03\/videospiel-samstag_artikel_Keller0023-773x1030.png\" alt=\"\" width=\"773\" height=\"1030\" srcset=\"https:\/\/videospiel-samstag.de\/wp-content\/uploads\/2023\/03\/videospiel-samstag_artikel_Keller0023-773x1030.png 773w, https:\/\/videospiel-samstag.de\/wp-content\/uploads\/2023\/03\/videospiel-samstag_artikel_Keller0023-225x300.png 225w, https:\/\/videospiel-samstag.de\/wp-content\/uploads\/2023\/03\/videospiel-samstag_artikel_Keller0023-768x1024.png 768w, https:\/\/videospiel-samstag.de\/wp-content\/uploads\/2023\/03\/videospiel-samstag_artikel_Keller0023-139x185.png 139w, https:\/\/videospiel-samstag.de\/wp-content\/uploads\/2023\/03\/videospiel-samstag_artikel_Keller0023-529x705.png 529w, https:\/\/videospiel-samstag.de\/wp-content\/uploads\/2023\/03\/videospiel-samstag_artikel_Keller0023.png 960w\" sizes=\"auto, (max-width: 773px) 100vw, 773px\" \/> <img loading=\"lazy\" decoding=\"async\" class=\"aligncenter wp-image-4952 size-large\" src=\"https:\/\/videospiel-samstag.de\/wp-content\/uploads\/2023\/03\/videospiel-samstag_artikel_Keller0048-1030x430.png\" alt=\"\" width=\"1030\" height=\"430\" srcset=\"https:\/\/videospiel-samstag.de\/wp-content\/uploads\/2023\/03\/videospiel-samstag_artikel_Keller0048-1030x430.png 1030w, https:\/\/videospiel-samstag.de\/wp-content\/uploads\/2023\/03\/videospiel-samstag_artikel_Keller0048-300x125.png 300w, https:\/\/videospiel-samstag.de\/wp-content\/uploads\/2023\/03\/videospiel-samstag_artikel_Keller0048-768x320.png 768w, https:\/\/videospiel-samstag.de\/wp-content\/uploads\/2023\/03\/videospiel-samstag_artikel_Keller0048-260x108.png 260w, https:\/\/videospiel-samstag.de\/wp-content\/uploads\/2023\/03\/videospiel-samstag_artikel_Keller0048-705x294.png 705w, https:\/\/videospiel-samstag.de\/wp-content\/uploads\/2023\/03\/videospiel-samstag_artikel_Keller0048.png 1280w\" sizes=\"auto, (max-width: 1030px) 100vw, 1030px\" \/><\/p>\n<\/div><\/section><\/div><\/div><\/div><\/div><section  class='av_textblock_section av-2hmmcc-6829d3f12721208978cd0131cf8e8463 '   itemscope=\"itemscope\" itemtype=\"https:\/\/schema.org\/CreativeWork\" ><div class='avia_textblock'  itemprop=\"text\" ><p>Lorem ipsum dolor sit amet, consectetuer adipiscing elit. Aenean commodo ligula eget dolor. Aenean massa. Cum sociis natoque penatibus et magnis dis parturient <strong>montes<\/strong>, nascetur ridiculus mus. Donec quam felis, ultricies nec, pellentesque eu, pretium quis, sem. Nulla consequat massa quis enim.<\/p>\n<\/div><\/section><\/p>\n","protected":false},"excerpt":{"rendered":"","protected":false},"author":1,"featured_media":0,"parent":863,"menu_order":0,"comment_status":"open","ping_status":"closed","template":"","meta":{"footnotes":""},"class_list":["post-1212","page","type-page","status-publish","hentry"],"_links":{"self":[{"href":"https:\/\/videospiel-samstag.de\/index.php?rest_route=\/wp\/v2\/pages\/1212","targetHints":{"allow":["GET"]}}],"collection":[{"href":"https:\/\/videospiel-samstag.de\/index.php?rest_route=\/wp\/v2\/pages"}],"about":[{"href":"https:\/\/videospiel-samstag.de\/index.php?rest_route=\/wp\/v2\/types\/page"}],"author":[{"embeddable":true,"href":"https:\/\/videospiel-samstag.de\/index.php?rest_route=\/wp\/v2\/users\/1"}],"replies":[{"embeddable":true,"href":"https:\/\/videospiel-samstag.de\/index.php?rest_route=%2Fwp%2Fv2%2Fcomments&post=1212"}],"version-history":[{"count":24,"href":"https:\/\/videospiel-samstag.de\/index.php?rest_route=\/wp\/v2\/pages\/1212\/revisions"}],"predecessor-version":[{"id":4955,"href":"https:\/\/videospiel-samstag.de\/index.php?rest_route=\/wp\/v2\/pages\/1212\/revisions\/4955"}],"up":[{"embeddable":true,"href":"https:\/\/videospiel-samstag.de\/index.php?rest_route=\/wp\/v2\/pages\/863"}],"wp:attachment":[{"href":"https:\/\/videospiel-samstag.de\/index.php?rest_route=%2Fwp%2Fv2%2Fmedia&parent=1212"}],"curies":[{"name":"wp","href":"https:\/\/api.w.org\/{rel}","templated":true}]}}